{"id":177,"date":"2012-10-11T20:41:03","date_gmt":"2012-10-11T20:41:03","guid":{"rendered":"http:\/\/www.yelizolcay.com\/?page_id=177"},"modified":"2022-06-28T08:32:45","modified_gmt":"2022-06-28T08:32:45","slug":"katildigim-egitimler","status":"publish","type":"page","link":"https:\/\/www.yoginix.com\/?page_id=177","title":{"rendered":"Kat\u0131ld\u0131\u011f\u0131m E\u011fitimler"},"content":{"rendered":"<ul>\n<li>Ken the Rolfer e\u015fli\u011finde Practical Yoga Anatomy<\/li>\n<li>Michael Saunders e\u015fli\u011finde Hatha Yoga Workshop<\/li>\n<li>Sarah Powers e\u015fli\u011finde Integrating Yin \/ Yang Yoga and Mindfullness Meditation<\/li>\n<li>Yara Leite Goulart Ulcay e\u015fli\u011finde The Baby Yoga Massage Workshop<\/li>\n<li>Raghuramji e\u015fli\u011finde Vivekananda Yoga University Bandha&amp;Pranayama Workshop<\/li>\n<li>Vivekananda Yoga University 200hr.Teacher Training<\/li>\n<li>Michael Saunders e\u015fli\u011finde Hatha Yoga Workshop<\/li>\n<li>Babaom e\u015fli\u011finde Paramanand Inst. of Yoga Science&amp;Research \u00a0Intensive Yoga Therapy Teacher Training<\/li>\n<li>Dr.Neslihan \u0130skit e\u015fli\u011finde Yoga Therapy Practitioner Training Course<\/li>\n<li>Michael Saunders e\u015fli\u011finde Depth Within The Posture<\/li>\n<li>Dr.Neslihan \u0130skit e\u015fli\u011finde Prenatal Yoga Teacher Training Course<\/li>\n<li>Cayetana Rodenas e\u015fli\u011finde Rainbow Kids Yoga \u2013 Yoga for Kids and Families Teacher Training Course<\/li>\n<li>Melek Ebru Ekin \/ Nam\u0131k Ekin e\u015fli\u011finde Angel Body Fly Yoga<\/li>\n<li>Diane Long e\u015fli\u011finde 2 days workshop with Yoga Legend Diane Long<\/li>\n<li>Erika Trice e\u015fli\u011finde Turning it All Around \u2013 The Joy of Twisting<\/li>\n<li>Mey Elbi e\u015fli\u011finde Restorative Yoga Training<\/li>\n<li>Seane Corn &amp; Sianna Sherman e\u015fli\u011finde Celebrating Unity: A weekend of Empowered Yoga<\/li>\n<li>Seda Ba\u011fcan e\u015fli\u011finde Mantralarla \u015eifa \u00c7emberi<\/li>\n<li>Nicole Ohme e\u015fli\u011finde Vinyasa Yoga Workshop<\/li>\n<li>Seda Ba\u011fcan e\u015fli\u011finde Lemurya Tonlar\u0131 ile DNA Aktivasyonu \u00c7al\u0131\u015fmas\u0131<\/li>\n<li>Zeynep \u00c7elen e\u015fli\u011finde Orta Seviye Yoga Dersleri Workshop<\/li>\n<li>Daniel Anner e\u015fli\u011finde Acroyoga Workshop: Acrotonic Yoga&amp;Therapeutic Flying<\/li>\n<li>\u015eehnaz Demir e\u015fli\u011finde Kozmik Enerji Terapisi E\u011fitimi<\/li>\n<li>Deniz Ba\u011fan e\u015fli\u011finde Duyarl\u0131l\u0131\u011fa Davet At\u00f6lyesi: &#8216; Psoas&#8217;\u0131 Hissetmek &#8216;<\/li>\n<li>T\u00fcrkiye Herkes \u0130\u00e7in Spor Federasyonu e\u015fli\u011finde 1.Kademe Yoga Yard\u0131mc\u0131 Antren\u00f6rl\u00fck Kursu<\/li>\n<li>Maite Carrera e\u015fli\u011finde Gong Meditasyonu<\/li>\n<li>Maite Carrera e\u015fli\u011finde Essential Connections Massage For Yoga Instructors<\/li>\n<li>Deniz Ba\u011fan e\u015fli\u011finde Psoas Ke\u015fifleri : Bir Fark\u0131ndal\u0131k At\u00f6lyesi<\/li>\n<li>Kezban \u00d6zg\u00fcr Bekta\u015f e\u015fli\u011finde \u2018Kinesiyoloji \u2018<\/li>\n<li>Devrim Akkaya Ka\u00e7maz e\u015fli\u011finde \u2018 \u00c7akralar \u2018<\/li>\n<li>Emrah Arslan e\u015fli\u011finde \u2018 Fighting Monkey Fundamentals \u2018<\/li>\n<li>Sema Demirkan e\u015fli\u011finde \u2018 \u00d6z\u015fefkat , Zorlay\u0131c\u0131 Duygular , Yang \u00d6z\u015fefkat \u2018<\/li>\n<li>Deniz Ba\u011fan e\u015fli\u011finde \u2018 Kalbin Dinlensin&#8217;<\/li>\n<li>Gorhan Olay \u00dcnl\u00fc e\u015fli\u011finde \u2018 Movement &amp; Mobility \u2018<\/li>\n<\/ul>\n<p><a href=\"https:\/\/www.yoginix.com\/wp-content\/uploads\/2022\/06\/collage150x150.jpg\"><img loading=\"lazy\" decoding=\"async\" class=\"alignnone size-full wp-image-1119\" src=\"https:\/\/www.yoginix.com\/wp-content\/uploads\/2022\/06\/collage150x150.jpg\" alt=\"\" width=\"150\" height=\"150\" \/><\/a><\/p>\n","protected":false},"excerpt":{"rendered":"<p>Ken the Rolfer e\u015fli\u011finde Practical Yoga Anatomy Michael Saunders e\u015fli\u011finde Hatha Yoga Workshop Sarah Powers e\u015fli\u011finde Integrating Yin \/ Yang Yoga and Mindfullness Meditation Yara Leite Goulart Ulcay e\u015fli\u011finde The Baby Yoga Massage Workshop Raghuramji e\u015fli\u011finde Vivekananda Yoga University Bandha&amp;Pranayama Workshop Vivekananda Yoga University 200hr.Teacher Training Michael Saunders e\u015fli\u011finde Hatha Yoga Workshop Babaom e\u015fli\u011finde Paramanand &hellip; <\/p>\n<p><a class=\"more-link btn\" href=\"https:\/\/www.yoginix.com\/?page_id=177\">Continue reading<\/a><\/p>\n","protected":false},"author":2,"featured_media":0,"parent":0,"menu_order":0,"comment_status":"closed","ping_status":"open","template":"template-onecolumn.php","meta":{"footnotes":""},"class_list":["post-177","page","type-page","status-publish","hentry","nodate","item-wrap"],"_links":{"self":[{"href":"https:\/\/www.yoginix.com\/index.php?rest_route=\/wp\/v2\/pages\/177","targetHints":{"allow":["GET"]}}],"collection":[{"href":"https:\/\/www.yoginix.com\/index.php?rest_route=\/wp\/v2\/pages"}],"about":[{"href":"https:\/\/www.yoginix.com\/index.php?rest_route=\/wp\/v2\/types\/page"}],"author":[{"embeddable":true,"href":"https:\/\/www.yoginix.com\/index.php?rest_route=\/wp\/v2\/users\/2"}],"replies":[{"embeddable":true,"href":"https:\/\/www.yoginix.com\/index.php?rest_route=%2Fwp%2Fv2%2Fcomments&post=177"}],"version-history":[{"count":11,"href":"https:\/\/www.yoginix.com\/index.php?rest_route=\/wp\/v2\/pages\/177\/revisions"}],"predecessor-version":[{"id":1140,"href":"https:\/\/www.yoginix.com\/index.php?rest_route=\/wp\/v2\/pages\/177\/revisions\/1140"}],"wp:attachment":[{"href":"https:\/\/www.yoginix.com\/index.php?rest_route=%2Fwp%2Fv2%2Fmedia&parent=177"}],"curies":[{"name":"wp","href":"https:\/\/api.w.org\/{rel}","templated":true}]}}