{"id":36,"date":"2012-02-24T12:01:48","date_gmt":"2012-02-24T12:01:48","guid":{"rendered":"http:\/\/www.yelizolcay.com\/?page_id=36"},"modified":"2019-08-21T15:17:51","modified_gmt":"2019-08-21T15:17:51","slug":"iletisim","status":"publish","type":"page","link":"https:\/\/www.yoginix.com\/?page_id=36","title":{"rendered":"\u0130leti\u015fim"},"content":{"rendered":"<p><strong>YEL\u0130Z CAR<\/strong><\/p>\n<p><strong>E-posta<\/strong>\u00a0 \u00a0 \u00a0 info@yoginix.com\u00a0<\/p>\n<p><em><strong>Telefon<\/strong><\/em> \u00a0 \u00a00 532 294 33 22\u00a0<\/p>\n<p><strong>WhatsApp <a href=\"http:\/\/www.yoginix.com\/wp-content\/uploads\/2019\/08\/1DF312E9-DC74-49B1-BF96-DB8687983561-e1566400366970.jpeg\"><img loading=\"lazy\" decoding=\"async\" class=\"size-full wp-image-1093 alignleft\" src=\"http:\/\/www.yoginix.com\/wp-content\/uploads\/2019\/08\/1DF312E9-DC74-49B1-BF96-DB8687983561-e1566400366970.jpeg\" alt=\"\" width=\"35\" height=\"35\" \/><\/a><\/strong>\u00a0<\/p>\n\n\n<p><\/p>\n","protected":false},"excerpt":{"rendered":"<p>YEL\u0130Z CAR E-posta\u00a0 \u00a0 \u00a0 info@yoginix.com\u00a0 Telefon \u00a0 \u00a00 532 294 33 22\u00a0 WhatsApp \u00a0<\/p>\n","protected":false},"author":2,"featured_media":0,"parent":0,"menu_order":0,"comment_status":"closed","ping_status":"open","template":"template-onecolumn.php","meta":{"footnotes":""},"class_list":["post-36","page","type-page","status-publish","hentry","nodate","item-wrap"],"_links":{"self":[{"href":"https:\/\/www.yoginix.com\/index.php?rest_route=\/wp\/v2\/pages\/36","targetHints":{"allow":["GET"]}}],"collection":[{"href":"https:\/\/www.yoginix.com\/index.php?rest_route=\/wp\/v2\/pages"}],"about":[{"href":"https:\/\/www.yoginix.com\/index.php?rest_route=\/wp\/v2\/types\/page"}],"author":[{"embeddable":true,"href":"https:\/\/www.yoginix.com\/index.php?rest_route=\/wp\/v2\/users\/2"}],"replies":[{"embeddable":true,"href":"https:\/\/www.yoginix.com\/index.php?rest_route=%2Fwp%2Fv2%2Fcomments&post=36"}],"version-history":[{"count":27,"href":"https:\/\/www.yoginix.com\/index.php?rest_route=\/wp\/v2\/pages\/36\/revisions"}],"predecessor-version":[{"id":1098,"href":"https:\/\/www.yoginix.com\/index.php?rest_route=\/wp\/v2\/pages\/36\/revisions\/1098"}],"wp:attachment":[{"href":"https:\/\/www.yoginix.com\/index.php?rest_route=%2Fwp%2Fv2%2Fmedia&parent=36"}],"curies":[{"name":"wp","href":"https:\/\/api.w.org\/{rel}","templated":true}]}}