{"id":551,"date":"2012-12-14T20:23:55","date_gmt":"2012-12-14T20:23:55","guid":{"rendered":"http:\/\/www.yelizolcay.com\/?page_id=551"},"modified":"2022-06-28T07:23:49","modified_gmt":"2022-06-28T07:23:49","slug":"gumus-yoga","status":"publish","type":"page","link":"https:\/\/www.yoginix.com\/?page_id=551","title":{"rendered":"G\u00fcm\u00fc\u015f Yoga"},"content":{"rendered":"<p style=\"padding-left: 30px;\"><a href=\"https:\/\/www.yoginix.com\/wp-content\/uploads\/2022\/06\/IMG_2431PS.jpg\"><img loading=\"lazy\" decoding=\"async\" class=\"alignnone size-full wp-image-1131\" src=\"https:\/\/www.yoginix.com\/wp-content\/uploads\/2022\/06\/IMG_2431PS.jpg\" alt=\"\" width=\"150\" height=\"150\" \/><\/a><\/p>\n<p style=\"padding-left: 30px;\">Beden ve nefes fark\u0131ndal\u0131\u011f\u0131 \u00fczerine yo\u011funla\u015f\u0131lan bu derslerdeki<br \/>\nak\u0131\u015f daha yumu\u015fakt\u0131r. \u00d6zellikle kad\u0131nlar\u0131n ya\u015f almas\u0131yla beraber<br \/>\ns\u0131k s\u0131k kar\u015f\u0131la\u015ft\u0131klar\u0131 kemik erimesini \u00f6nleyici destek etken<br \/>\nolarak yogay\u0131 kullanabiliriz.<br \/>\nMenopoz, y\u00fcksek tansiyon, kal\u00e7a ve diz eklemlerindeki problemler,<br \/>\nomurga ve s\u0131rt a\u011fr\u0131lar\u0131 gibi \u015fikayetlerin iyile\u015ftirilmesi \u00fczerine<br \/>\nyap\u0131lan yoga dersleri g\u00fcm\u00fc\u015f yoga derslerinin temelini olu\u015fturmaktad\u0131r.<\/p>\n","protected":false},"excerpt":{"rendered":"<p>Beden ve nefes fark\u0131ndal\u0131\u011f\u0131 \u00fczerine yo\u011funla\u015f\u0131lan bu derslerdeki ak\u0131\u015f daha yumu\u015fakt\u0131r. \u00d6zellikle kad\u0131nlar\u0131n ya\u015f almas\u0131yla beraber s\u0131k s\u0131k kar\u015f\u0131la\u015ft\u0131klar\u0131 kemik erimesini \u00f6nleyici destek etken olarak yogay\u0131 kullanabiliriz. Menopoz, y\u00fcksek tansiyon, kal\u00e7a ve diz eklemlerindeki problemler, omurga ve s\u0131rt a\u011fr\u0131lar\u0131 gibi \u015fikayetlerin iyile\u015ftirilmesi \u00fczerine yap\u0131lan yoga dersleri g\u00fcm\u00fc\u015f yoga derslerinin temelini olu\u015fturmaktad\u0131r.<\/p>\n","protected":false},"author":2,"featured_media":310,"parent":0,"menu_order":0,"comment_status":"closed","ping_status":"closed","template":"template-onecolumn.php","meta":{"footnotes":""},"class_list":["post-551","page","type-page","status-publish","has-post-thumbnail","hentry","nodate","item-wrap"],"_links":{"self":[{"href":"https:\/\/www.yoginix.com\/index.php?rest_route=\/wp\/v2\/pages\/551","targetHints":{"allow":["GET"]}}],"collection":[{"href":"https:\/\/www.yoginix.com\/index.php?rest_route=\/wp\/v2\/pages"}],"about":[{"href":"https:\/\/www.yoginix.com\/index.php?rest_route=\/wp\/v2\/types\/page"}],"author":[{"embeddable":true,"href":"https:\/\/www.yoginix.com\/index.php?rest_route=\/wp\/v2\/users\/2"}],"replies":[{"embeddable":true,"href":"https:\/\/www.yoginix.com\/index.php?rest_route=%2Fwp%2Fv2%2Fcomments&post=551"}],"version-history":[{"count":6,"href":"https:\/\/www.yoginix.com\/index.php?rest_route=\/wp\/v2\/pages\/551\/revisions"}],"predecessor-version":[{"id":1132,"href":"https:\/\/www.yoginix.com\/index.php?rest_route=\/wp\/v2\/pages\/551\/revisions\/1132"}],"wp:featuredmedia":[{"embeddable":true,"href":"https:\/\/www.yoginix.com\/index.php?rest_route=\/wp\/v2\/media\/310"}],"wp:attachment":[{"href":"https:\/\/www.yoginix.com\/index.php?rest_route=%2Fwp%2Fv2%2Fmedia&parent=551"}],"curies":[{"name":"wp","href":"https:\/\/api.w.org\/{rel}","templated":true}]}}