{"id":554,"date":"2012-12-14T20:25:09","date_gmt":"2012-12-14T20:25:09","guid":{"rendered":"http:\/\/www.yelizolcay.com\/?page_id=554"},"modified":"2013-05-09T20:49:36","modified_gmt":"2013-05-09T20:49:36","slug":"partner-yoga","status":"publish","type":"page","link":"https:\/\/www.yoginix.com\/?page_id=554","title":{"rendered":"Partner Yoga"},"content":{"rendered":"<p>E\u015f, arkada\u015f ya da dersi alan di\u011fer yogilerle beraber uygulanan<br \/>\nbu \u00e7al\u0131\u015fmalarda duru\u015f i\u00e7inde birbirimizin bedenlerinden destek<br \/>\nalarak daha derin esneme ve gev\u015feme \u00e7al\u0131\u015fmalar\u0131na olanak sa\u011flar\u0131z. <\/p>\n<p>Nefeslerin ve bedenlerin uyumlanmas\u0131yla hem keyifli hem de<br \/>\ne\u011flenceli bir \u00e7al\u0131\u015fma yapar\u0131z. Birlikten do\u011fan kuvvetle kendi<br \/>\nbedenlerimizdeki derinli\u011fi de ke\u015ffe \u00e7\u0131kar\u0131z.<\/p>\n","protected":false},"excerpt":{"rendered":"<p>E\u015f, arkada\u015f ya da dersi alan di\u011fer yogilerle beraber uygulanan bu \u00e7al\u0131\u015fmalarda duru\u015f i\u00e7inde birbirimizin bedenlerinden destek alarak daha derin esneme ve gev\u015feme \u00e7al\u0131\u015fmalar\u0131na olanak sa\u011flar\u0131z. Nefeslerin ve bedenlerin uyumlanmas\u0131yla hem keyifli hem de e\u011flenceli bir \u00e7al\u0131\u015fma yapar\u0131z. Birlikten do\u011fan kuvvetle kendi bedenlerimizdeki derinli\u011fi de ke\u015ffe \u00e7\u0131kar\u0131z.<\/p>\n","protected":false},"author":2,"featured_media":0,"parent":0,"menu_order":0,"comment_status":"closed","ping_status":"closed","template":"template-onecolumn.php","meta":{"footnotes":""},"class_list":["post-554","page","type-page","status-publish","hentry","nodate","item-wrap"],"_links":{"self":[{"href":"https:\/\/www.yoginix.com\/index.php?rest_route=\/wp\/v2\/pages\/554","targetHints":{"allow":["GET"]}}],"collection":[{"href":"https:\/\/www.yoginix.com\/index.php?rest_route=\/wp\/v2\/pages"}],"about":[{"href":"https:\/\/www.yoginix.com\/index.php?rest_route=\/wp\/v2\/types\/page"}],"author":[{"embeddable":true,"href":"https:\/\/www.yoginix.com\/index.php?rest_route=\/wp\/v2\/users\/2"}],"replies":[{"embeddable":true,"href":"https:\/\/www.yoginix.com\/index.php?rest_route=%2Fwp%2Fv2%2Fcomments&post=554"}],"version-history":[{"count":4,"href":"https:\/\/www.yoginix.com\/index.php?rest_route=\/wp\/v2\/pages\/554\/revisions"}],"predecessor-version":[{"id":731,"href":"https:\/\/www.yoginix.com\/index.php?rest_route=\/wp\/v2\/pages\/554\/revisions\/731"}],"wp:attachment":[{"href":"https:\/\/www.yoginix.com\/index.php?rest_route=%2Fwp%2Fv2%2Fmedia&parent=554"}],"curies":[{"name":"wp","href":"https:\/\/api.w.org\/{rel}","templated":true}]}}