{"id":858,"date":"2014-02-07T11:05:22","date_gmt":"2014-02-07T11:05:22","guid":{"rendered":"http:\/\/www.yelizolcay.com\/?page_id=858"},"modified":"2019-08-18T09:37:11","modified_gmt":"2019-08-18T09:37:11","slug":"yoga-fly","status":"publish","type":"page","link":"https:\/\/www.yoginix.com\/?page_id=858","title":{"rendered":"Yoga Fly"},"content":{"rendered":"<p><a href=\"http:\/\/www.yelizolcay.com\/wp-content\/uploads\/2014\/02\/yogaflynew3.jpg\"><img loading=\"lazy\" decoding=\"async\" class=\"alignleft size-medium wp-image-869\" title=\"yogaflynew\" src=\"http:\/\/www.yelizolcay.com\/wp-content\/uploads\/2014\/02\/yogaflynew3-300x189.jpg\" alt=\"\" width=\"300\" height=\"189\" srcset=\"https:\/\/www.yoginix.com\/wp-content\/uploads\/2014\/02\/yogaflynew3-300x189.jpg 300w, https:\/\/www.yoginix.com\/wp-content\/uploads\/2014\/02\/yogaflynew3.jpg 640w\" sizes=\"auto, (max-width: 300px) 100vw, 300px\" \/><\/a><\/p>\n<p>Omurga sa\u011fl\u0131\u011f\u0131 ve eklem hareketlili\u011finin artt\u0131r\u0131lmas\u0131 i\u00e7in Yogafly!!!<br \/>\n\u00d6zellikle s\u0131rt ve boyun a\u011fr\u0131lar\u0131 \u00e7eken ki\u015filerin denemesi gereken bu \u00e7al\u0131\u015fma, \u00f6zg\u00fcrce as\u0131lman\u0131za yard\u0131mc\u0131 olurken, omurgan\u0131z\u0131 uzat\u0131yor, duru\u015f bozukluklar\u0131n\u0131 d\u00fczeltiyor.<br \/>\nFaydalar\u0131 saymakla bitmeyecek esneklik, denge, kuvvet ve e\u011flence dolu dersler i\u00e7in yerinizi ay\u0131rt\u0131n, deneyimleyin.<br \/>\nBilgi ve rezervasyonlar\u0131n\u0131z i\u00e7in info@yoginix.com<\/p>\n","protected":false},"excerpt":{"rendered":"<p>Omurga sa\u011fl\u0131\u011f\u0131 ve eklem hareketlili\u011finin artt\u0131r\u0131lmas\u0131 i\u00e7in Yogafly!!! \u00d6zellikle s\u0131rt ve boyun a\u011fr\u0131lar\u0131 \u00e7eken ki\u015filerin denemesi gereken bu \u00e7al\u0131\u015fma, \u00f6zg\u00fcrce as\u0131lman\u0131za yard\u0131mc\u0131 olurken, omurgan\u0131z\u0131 uzat\u0131yor, duru\u015f bozukluklar\u0131n\u0131 d\u00fczeltiyor. Faydalar\u0131 saymakla bitmeyecek esneklik, denge, kuvvet ve e\u011flence dolu dersler i\u00e7in yerinizi ay\u0131rt\u0131n, deneyimleyin. Bilgi ve rezervasyonlar\u0131n\u0131z i\u00e7in info@yoginix.com<\/p>\n","protected":false},"author":2,"featured_media":995,"parent":0,"menu_order":0,"comment_status":"open","ping_status":"open","template":"template-onecolumn.php","meta":{"footnotes":""},"class_list":["post-858","page","type-page","status-publish","has-post-thumbnail","hentry","nodate","item-wrap"],"_links":{"self":[{"href":"https:\/\/www.yoginix.com\/index.php?rest_route=\/wp\/v2\/pages\/858","targetHints":{"allow":["GET"]}}],"collection":[{"href":"https:\/\/www.yoginix.com\/index.php?rest_route=\/wp\/v2\/pages"}],"about":[{"href":"https:\/\/www.yoginix.com\/index.php?rest_route=\/wp\/v2\/types\/page"}],"author":[{"embeddable":true,"href":"https:\/\/www.yoginix.com\/index.php?rest_route=\/wp\/v2\/users\/2"}],"replies":[{"embeddable":true,"href":"https:\/\/www.yoginix.com\/index.php?rest_route=%2Fwp%2Fv2%2Fcomments&post=858"}],"version-history":[{"count":17,"href":"https:\/\/www.yoginix.com\/index.php?rest_route=\/wp\/v2\/pages\/858\/revisions"}],"predecessor-version":[{"id":1071,"href":"https:\/\/www.yoginix.com\/index.php?rest_route=\/wp\/v2\/pages\/858\/revisions\/1071"}],"wp:featuredmedia":[{"embeddable":true,"href":"https:\/\/www.yoginix.com\/index.php?rest_route=\/wp\/v2\/media\/995"}],"wp:attachment":[{"href":"https:\/\/www.yoginix.com\/index.php?rest_route=%2Fwp%2Fv2%2Fmedia&parent=858"}],"curies":[{"name":"wp","href":"https:\/\/api.w.org\/{rel}","templated":true}]}}